{"id":1485,"date":"2025-08-16T12:46:16","date_gmt":"2025-08-16T10:46:16","guid":{"rendered":"https:\/\/pureplay.eu\/?page_id=1485"},"modified":"2025-10-16T06:14:44","modified_gmt":"2025-10-16T04:14:44","slug":"about-us","status":"publish","type":"page","link":"https:\/\/pureplay.eu\/","title":{"rendered":"About us"},"content":{"rendered":"<p>[et_pb_section fb_built=&#8221;1&#8243; _builder_version=&#8221;4.27.4&#8243; _module_preset=&#8221;default&#8221; vertical_offset=&#8221;-51px&#8221; global_colors_info=&#8221;{}&#8221;][et_pb_row _builder_version=&#8221;4.27.4&#8243; _module_preset=&#8221;default&#8221; background_image=&#8221;https:\/\/pureplay.eu\/wp-content\/uploads\/2025\/06\/AdobeStock_1234005205_Cut-scaled.jpg&#8221; min_height=&#8221;510px&#8221; height=&#8221;100px&#8221; max_height=&#8221;100px&#8221; border_color_top=&#8221;#d3d3d3&#8243; global_colors_info=&#8221;{}&#8221;][et_pb_column type=&#8221;4_4&#8243; _builder_version=&#8221;4.27.4&#8243; _module_preset=&#8221;default&#8221; global_colors_info=&#8221;{}&#8221;][\/et_pb_column][\/et_pb_row][et_pb_row disabled_on=&#8221;on|on|off&#8221; _builder_version=&#8221;4.27.4&#8243; _module_preset=&#8221;default&#8221; background_color=&#8221;#FFFFFF&#8221; min_height=&#8221;139px&#8221; height=&#8221;49px&#8221; max_height=&#8221;1000px&#8221; custom_margin=&#8221;0px||0px||false|false&#8221; border_radii=&#8221;on|2px|2px|2px|2px&#8221; border_width_top=&#8221;1px&#8221; border_color_top=&#8221;#c4c4c4&#8243; border_width_bottom=&#8221;1px&#8221; border_color_bottom=&#8221;#c4c4c4&#8243; global_colors_info=&#8221;{}&#8221;][et_pb_column type=&#8221;4_4&#8243; _builder_version=&#8221;4.27.4&#8243; _module_preset=&#8221;default&#8221; global_colors_info=&#8221;{}&#8221;][et_pb_text content_tablet=&#8221;<\/p>\n<p><span>Pure Play wspiera globalne marki w budowaniu i prowadzeniu dzia\u0142a\u0144 mediowych w modelu in-house \u2014 z pe\u0142n\u0105 kontrol\u0105, wyspecjalizowanym zespo\u0142em i realnymi efektami biznesowymi.<\/span><\/p>\n<p>&#8221; content_phone=&#8221;<\/p>\n<p><span>%22Pure Play is a recognised strategic partner in media operations. We help global brands run digital media in-house operations \u2014 with full control, lean expert teams, and measurable financial outcomes.%22<\/span><\/p>\n<p>&#8221; content_last_edited=&#8221;on|desktop&#8221; _builder_version=&#8221;4.27.4&#8243; _module_preset=&#8221;default&#8221; text_font=&#8221;Manrope||||||||&#8221; text_text_color=&#8221;#404040&#8243; text_font_size=&#8221;27px&#8221; text_line_height=&#8221;1.3em&#8221; background_color=&#8221;RGBA(255,255,255,0)&#8221; positioning=&#8221;relative&#8221; vertical_offset=&#8221;-9px&#8221; horizontal_offset=&#8221;10px&#8221; z_index=&#8221;0&#8243; width=&#8221;99%&#8221; custom_margin=&#8221;||0px||false|false&#8221; border_color_all=&#8221;#c4c4c4&#8243; global_colors_info=&#8221;{}&#8221;]<\/p>\n<p><span>Pure Play is a recognised strategic partner in media operations. We help global brands run digital media in-house operations \u2014 with full control, lean expert teams, and measurable financial outcomes.<\/span><\/p>\n<p>[\/et_pb_text][\/et_pb_column][\/et_pb_row][et_pb_row _builder_version=&#8221;4.27.4&#8243; _module_preset=&#8221;default&#8221; background_color=&#8221;#00529C&#8221; min_height=&#8221;46px&#8221; height=&#8221;49px&#8221; max_height=&#8221;1000px&#8221; custom_margin=&#8221;0px||0px||false|false&#8221; border_radii=&#8221;on|2px|2px|2px|2px&#8221; global_colors_info=&#8221;{}&#8221;][et_pb_column type=&#8221;4_4&#8243; _builder_version=&#8221;4.27.4&#8243; _module_preset=&#8221;default&#8221; global_colors_info=&#8221;{}&#8221;][et_pb_text content_tablet=&#8221;<\/p>\n<p>Our Value Proposition<\/p>\n<p>&#8221; content_phone=&#8221;<\/p>\n<p>Value Proposition<\/p>\n<p>&#8221; content_last_edited=&#8221;on|phone&#8221; _builder_version=&#8221;4.27.4&#8243; _module_preset=&#8221;default&#8221; text_font=&#8221;Manrope|700|||||||&#8221; text_text_color=&#8221;#FFFFFF&#8221; text_font_size=&#8221;29px&#8221; background_color=&#8221;RGBA(255,255,255,0)&#8221; positioning=&#8221;relative&#8221; vertical_offset=&#8221;-9px&#8221; horizontal_offset=&#8221;10px&#8221; z_index=&#8221;0&#8243; custom_margin=&#8221;||0px||false|false&#8221; global_colors_info=&#8221;{}&#8221;]<\/p>\n<p>Our Value Proposition<\/p>\n<p>[\/et_pb_text][\/et_pb_column][\/et_pb_row][et_pb_row column_structure=&#8221;1_3,2_3&#8243; _builder_version=&#8221;4.27.4&#8243; _module_preset=&#8221;default&#8221; global_colors_info=&#8221;{}&#8221;][et_pb_column type=&#8221;1_3&#8243; _builder_version=&#8221;4.27.4&#8243; _module_preset=&#8221;default&#8221; global_colors_info=&#8221;{}&#8221;][et_pb_image src=&#8221;https:\/\/pureplay.eu\/wp-content\/uploads\/2025\/06\/1_AdobeStock_531911353-scaled-1.png&#8221; title_text=&#8221;1_AdobeStock_531911353-scaled&#8221; _builder_version=&#8221;4.27.4&#8243; _module_preset=&#8221;default&#8221; border_radii=&#8221;on|6px|6px|6px|6px&#8221; border_width_all=&#8221;1px&#8221; border_color_all=&#8221;#c4c4c4&#8243; global_colors_info=&#8221;{}&#8221;][\/et_pb_image][\/et_pb_column][et_pb_column type=&#8221;2_3&#8243; _builder_version=&#8221;4.27.4&#8243; _module_preset=&#8221;default&#8221; global_colors_info=&#8221;{}&#8221;][et_pb_text _builder_version=&#8221;4.27.4&#8243; _module_preset=&#8221;default&#8221; text_text_color=&#8221;#404040&#8243; text_font_size=&#8221;18px&#8221; text_line_height=&#8221;4.2em&#8221; positioning=&#8221;relative&#8221; hover_enabled=&#8221;0&#8243; global_colors_info=&#8221;{}&#8221; sticky_enabled=&#8221;0&#8243; text_line_height_last_edited=&#8221;on|phone&#8221; text_line_height_tablet=&#8221;1.4em&#8221; text_line_height_phone=&#8221;1.4em&#8221;]<\/p>\n<div><span class=\"Apple-tab-span\"> <\/span>1.<span class=\"Apple-tab-span\"> Up to 40% lower media costs with faster, more effective execution<\/span>.<\/div>\n<div><span class=\"Apple-tab-span\"> <\/span>2.<span class=\"Apple-tab-span\"> <\/span>Result-oriented teams instead of the outdated agency model.<\/div>\n<div><span class=\"Apple-tab-span\"> <\/span>3.<span class=\"Apple-tab-span\"> <\/span>Media not just as part of marketing, but as a strategic procurement priority.<\/div>\n<div><span class=\"Apple-tab-span\"> <\/span>4.<span class=\"Apple-tab-span\"> <\/span>Time and budget savings in day-to-day operations.<\/div>\n<p>[\/et_pb_text][\/et_pb_column][\/et_pb_row][et_pb_row _builder_version=&#8221;4.27.4&#8243; _module_preset=&#8221;default&#8221; background_color=&#8221;#00529C&#8221; min_height=&#8221;46px&#8221; height=&#8221;49px&#8221; max_height=&#8221;1000px&#8221; custom_margin=&#8221;0px||0px||false|false&#8221; border_radii=&#8221;on|2px|2px|2px|2px&#8221; global_colors_info=&#8221;{}&#8221;][et_pb_column type=&#8221;4_4&#8243; _builder_version=&#8221;4.27.4&#8243; _module_preset=&#8221;default&#8221; global_colors_info=&#8221;{}&#8221;][et_pb_text content_tablet=&#8221;<\/p>\n<p>How we work<\/p>\n<p>&#8221; content_phone=&#8221;<\/p>\n<p>How we work<\/p>\n<p>&#8221; content_last_edited=&#8221;on|phone&#8221; _builder_version=&#8221;4.27.4&#8243; _module_preset=&#8221;default&#8221; text_font=&#8221;Manrope|700|||||||&#8221; text_text_color=&#8221;#FFFFFF&#8221; text_font_size=&#8221;29px&#8221; background_color=&#8221;RGBA(255,255,255,0)&#8221; positioning=&#8221;relative&#8221; vertical_offset=&#8221;-9px&#8221; horizontal_offset=&#8221;10px&#8221; z_index=&#8221;0&#8243; custom_margin=&#8221;||0px||false|false&#8221; global_colors_info=&#8221;{}&#8221;]<\/p>\n<p>How we work<\/p>\n<p>[\/et_pb_text][\/et_pb_column][\/et_pb_row][et_pb_row column_structure=&#8221;1_3,2_3&#8243; _builder_version=&#8221;4.27.4&#8243; _module_preset=&#8221;default&#8221; global_colors_info=&#8221;{}&#8221;][et_pb_column type=&#8221;1_3&#8243; _builder_version=&#8221;4.27.4&#8243; _module_preset=&#8221;default&#8221; global_colors_info=&#8221;{}&#8221;][et_pb_image src=&#8221;https:\/\/pureplay.eu\/wp-content\/uploads\/2025\/06\/1_AdobeStock_1186288591-scaled-1.png&#8221; title_text=&#8221;1_AdobeStock_1186288591-scaled&#8221; _builder_version=&#8221;4.27.4&#8243; _module_preset=&#8221;default&#8221; border_radii=&#8221;on|6px|6px|6px|6px&#8221; border_width_all=&#8221;1px&#8221; border_color_all=&#8221;#c4c4c4&#8243; global_colors_info=&#8221;{}&#8221;][\/et_pb_image][\/et_pb_column][et_pb_column type=&#8221;2_3&#8243; _builder_version=&#8221;4.27.4&#8243; _module_preset=&#8221;default&#8221; global_colors_info=&#8221;{}&#8221;][et_pb_text _builder_version=&#8221;4.27.4&#8243; _module_preset=&#8221;default&#8221; text_text_color=&#8221;#404040&#8243; text_font_size=&#8221;18px&#8221; text_line_height=&#8221;4.2em&#8221; positioning=&#8221;relative&#8221; hover_enabled=&#8221;0&#8243; global_colors_info=&#8221;{}&#8221; text_line_height_last_edited=&#8221;on|tablet&#8221; sticky_enabled=&#8221;0&#8243; text_line_height_tablet=&#8221;1.4em&#8221; text_line_height_phone=&#8221;1.4em&#8221;]<\/p>\n<div><span class=\"Apple-tab-span\"> <\/span>1.<span class=\"Apple-tab-span\"> <\/span>We build tailor-made media teams designed around the Client\u2019s needs.<\/div>\n<div><span class=\"Apple-tab-span\"> <\/span>2.<span class=\"Apple-tab-span\"> <\/span>We don\u2019t create complex structures or agency \u201cdrama.\u201d<\/div>\n<div><span class=\"Apple-tab-span\"> <\/span>3.<span class=\"Apple-tab-span\"> <\/span>Every task, from strategy to reporting, has a clearly defined goal and outcome.<\/div>\n<div><span class=\"Apple-tab-span\"> <\/span>4.<span class=\"Apple-tab-span\"> <\/span>Tools and automation ensure speed, precision, and full control.<\/div>\n<p>[\/et_pb_text][\/et_pb_column][\/et_pb_row][et_pb_row _builder_version=&#8221;4.27.4&#8243; _module_preset=&#8221;default&#8221; background_color=&#8221;#00529C&#8221; min_height=&#8221;46px&#8221; height=&#8221;49px&#8221; max_height=&#8221;1000px&#8221; custom_margin=&#8221;0px||0px||false|false&#8221; border_radii=&#8221;on|2px|2px|2px|2px&#8221; global_colors_info=&#8221;{}&#8221;][et_pb_column type=&#8221;4_4&#8243; _builder_version=&#8221;4.27.4&#8243; _module_preset=&#8221;default&#8221; global_colors_info=&#8221;{}&#8221;][et_pb_text content_tablet=&#8221;<\/p>\n<p>Why it works<\/p>\n<p>&#8221; content_phone=&#8221;<\/p>\n<p>Why it works<\/p>\n<p>&#8221; content_last_edited=&#8221;on|desktop&#8221; _builder_version=&#8221;4.27.4&#8243; _module_preset=&#8221;default&#8221; text_font=&#8221;Manrope|700|||||||&#8221; text_text_color=&#8221;#FFFFFF&#8221; text_font_size=&#8221;29px&#8221; background_color=&#8221;RGBA(255,255,255,0)&#8221; positioning=&#8221;relative&#8221; vertical_offset=&#8221;-9px&#8221; horizontal_offset=&#8221;10px&#8221; z_index=&#8221;0&#8243; custom_margin=&#8221;||0px||false|false&#8221; global_colors_info=&#8221;{}&#8221;]<\/p>\n<p>Why it works<\/p>\n<p>[\/et_pb_text][\/et_pb_column][\/et_pb_row][et_pb_row column_structure=&#8221;1_3,2_3&#8243; _builder_version=&#8221;4.27.4&#8243; _module_preset=&#8221;default&#8221; global_colors_info=&#8221;{}&#8221;][et_pb_column type=&#8221;1_3&#8243; _builder_version=&#8221;4.27.4&#8243; _module_preset=&#8221;default&#8221; global_colors_info=&#8221;{}&#8221;][et_pb_image src=&#8221;https:\/\/pureplay.eu\/wp-content\/uploads\/2025\/06\/1_PP_Guy.png&#8221; title_text=&#8221;1_PP_Guy&#8221; _builder_version=&#8221;4.27.4&#8243; _module_preset=&#8221;default&#8221; border_radii=&#8221;on|6px|6px|6px|6px&#8221; border_width_all=&#8221;1px&#8221; border_color_all=&#8221;#c4c4c4&#8243; global_colors_info=&#8221;{}&#8221;][\/et_pb_image][\/et_pb_column][et_pb_column type=&#8221;2_3&#8243; _builder_version=&#8221;4.27.4&#8243; _module_preset=&#8221;default&#8221; global_colors_info=&#8221;{}&#8221;][et_pb_text _builder_version=&#8221;4.27.4&#8243; _module_preset=&#8221;default&#8221; text_text_color=&#8221;#404040&#8243; text_font_size=&#8221;18px&#8221; text_line_height=&#8221;4em&#8221; positioning=&#8221;relative&#8221; hover_enabled=&#8221;0&#8243; global_colors_info=&#8221;{}&#8221; text_line_height_last_edited=&#8221;on|phone&#8221; sticky_enabled=&#8221;0&#8243; text_line_height_tablet=&#8221;1.4em&#8221; text_line_height_phone=&#8221;1.4em&#8221;]<\/p>\n<div><span class=\"Apple-tab-span\"> <\/span>1.<span class=\"Apple-tab-span\"> <\/span>CEOs see business growth.<\/div>\n<div><span class=\"Apple-tab-span\"> <\/span>2.<span class=\"Apple-tab-span\"> <\/span>CFOs finally gain a sense of cost control.<\/div>\n<div><span class=\"Apple-tab-span\"> <\/span>3.<span class=\"Apple-tab-span\"> <\/span>Procurement clearly recognizes purchasing efficiencies.<\/div>\n<div><span class=\"Apple-tab-span\"> <\/span>4.<span class=\"Apple-tab-span\"> <\/span>CMOs get better campaigns \u2014 designed for real sales impact.<\/div>\n<p>[\/et_pb_text][\/et_pb_column][\/et_pb_row][et_pb_row _builder_version=&#8221;4.27.4&#8243; _module_preset=&#8221;default&#8221; background_color=&#8221;#00529C&#8221; min_height=&#8221;46px&#8221; height=&#8221;49px&#8221; max_height=&#8221;1000px&#8221; custom_margin=&#8221;0px||0px||false|false&#8221; border_radii=&#8221;on|2px|2px|2px|2px&#8221; global_colors_info=&#8221;{}&#8221;][et_pb_column type=&#8221;4_4&#8243; _builder_version=&#8221;4.27.4&#8243; _module_preset=&#8221;default&#8221; global_colors_info=&#8221;{}&#8221;][et_pb_text content_tablet=&#8221;<\/p>\n<p>Our philosophy is to deliver results<\/p>\n<p>&#8221; content_phone=&#8221;<\/p>\n<p>We do deliver <\/p>\n<p>&#8221; content_last_edited=&#8221;on|phone&#8221; _builder_version=&#8221;4.27.4&#8243; _module_preset=&#8221;default&#8221; text_font=&#8221;Manrope|700|||||||&#8221; text_text_color=&#8221;#FFFFFF&#8221; text_font_size=&#8221;29px&#8221; background_color=&#8221;RGBA(255,255,255,0)&#8221; positioning=&#8221;relative&#8221; vertical_offset=&#8221;-9px&#8221; horizontal_offset=&#8221;10px&#8221; z_index=&#8221;0&#8243; custom_margin=&#8221;||0px||false|false&#8221; global_colors_info=&#8221;{}&#8221;]<\/p>\n<p>Our philosophy is to deliver results<\/p>\n<p>[\/et_pb_text][\/et_pb_column][\/et_pb_row][et_pb_row column_structure=&#8221;1_3,2_3&#8243; _builder_version=&#8221;4.27.4&#8243; _module_preset=&#8221;default&#8221; global_colors_info=&#8221;{}&#8221;][et_pb_column type=&#8221;1_3&#8243; _builder_version=&#8221;4.27.4&#8243; _module_preset=&#8221;default&#8221; global_colors_info=&#8221;{}&#8221;][et_pb_image src=&#8221;https:\/\/pureplay.eu\/wp-content\/uploads\/2025\/06\/1_AdobeStock_528843399-scaled-1.png&#8221; title_text=&#8221;1_AdobeStock_528843399-scaled&#8221; _builder_version=&#8221;4.27.4&#8243; _module_preset=&#8221;default&#8221; border_radii=&#8221;on|6px|6px|6px|6px&#8221; border_width_all=&#8221;1px&#8221; border_color_all=&#8221;#c4c4c4&#8243; global_colors_info=&#8221;{}&#8221;][\/et_pb_image][\/et_pb_column][et_pb_column type=&#8221;2_3&#8243; _builder_version=&#8221;4.27.4&#8243; _module_preset=&#8221;default&#8221; global_colors_info=&#8221;{}&#8221;][et_pb_text _builder_version=&#8221;4.27.4&#8243; _module_preset=&#8221;default&#8221; text_text_color=&#8221;#404040&#8243; text_font_size=&#8221;18px&#8221; text_line_height=&#8221;4.3em&#8221; positioning=&#8221;relative&#8221; hover_enabled=&#8221;0&#8243; global_colors_info=&#8221;{}&#8221; text_line_height_last_edited=&#8221;on|phone&#8221; sticky_enabled=&#8221;0&#8243; text_line_height_tablet=&#8221;1.4em&#8221; text_line_height_phone=&#8221;1.4em&#8221;]<\/p>\n<div><span class=\"Apple-tab-span\"> <\/span>1.<span class=\"Apple-tab-span\"> <\/span>Our teams don\u2019t dazzle with presentations \u2014 they deliver effective campaigns.<\/div>\n<div><span class=\"Apple-tab-span\"> <\/span>2.<span class=\"Apple-tab-span\"> <\/span>We think in terms of the Client\u2019s business and play for their results.<\/div>\n<div><span class=\"Apple-tab-span\"> <\/span>3.<span class=\"Apple-tab-span\"> <\/span>We are obsessed with efficiency and maximize team performance.<\/div>\n<div><span class=\"Apple-tab-span\"> <\/span>4.<span class=\"Apple-tab-span\"> <\/span>We operate with precision and discipline. Results are the outcome of execution.<\/div>\n<p>[\/et_pb_text][\/et_pb_column][\/et_pb_row][et_pb_row _builder_version=&#8221;4.27.4&#8243; _module_preset=&#8221;default&#8221; global_colors_info=&#8221;{}&#8221;][et_pb_column type=&#8221;4_4&#8243; _builder_version=&#8221;4.27.4&#8243; _module_preset=&#8221;default&#8221; global_colors_info=&#8221;{}&#8221;][et_pb_divider color=&#8221;#c4c4c4&#8243; divider_style=&#8221;double&#8221; _builder_version=&#8221;4.27.4&#8243; _module_preset=&#8221;default&#8221; global_colors_info=&#8221;{}&#8221;][\/et_pb_divider][\/et_pb_column][\/et_pb_row][et_pb_row column_structure=&#8221;3_5,2_5&#8243; _builder_version=&#8221;4.27.4&#8243; _module_preset=&#8221;default&#8221; global_colors_info=&#8221;{}&#8221;][et_pb_column type=&#8221;3_5&#8243; _builder_version=&#8221;4.27.4&#8243; _module_preset=&#8221;default&#8221; global_colors_info=&#8221;{}&#8221;][et_pb_text content_tablet=&#8221;<\/p>\n<p>Curious how it works? <br \/>Interested to free up to 40% of your digital media budget?<\/p>\n<p>&#8221; content_phone=&#8221;<\/p>\n<p>Curious how it works? <br \/>Interested to free up to 40% of your digital media budget?<\/p>\n<p>&#8221; content_last_edited=&#8221;on|phone&#8221; _builder_version=&#8221;4.27.4&#8243; _module_preset=&#8221;default&#8221; text_font=&#8221;Manrope||||||||&#8221; text_text_color=&#8221;#404040&#8243; text_font_size=&#8221;29px&#8221; text_line_height=&#8221;1.8em&#8221; background_color=&#8221;RGBA(255,255,255,0)&#8221; positioning=&#8221;relative&#8221; vertical_offset=&#8221;-9px&#8221; horizontal_offset=&#8221;10px&#8221; z_index=&#8221;0&#8243; width=&#8221;99%&#8221; custom_margin=&#8221;||0px||false|false&#8221; border_color_all=&#8221;#c4c4c4&#8243; global_colors_info=&#8221;{}&#8221;]<\/p>\n<p>Curious how it works? <br \/>Interested to free up to 40% of your digital media budget?<\/p>\n<p>[\/et_pb_text][\/et_pb_column][et_pb_column type=&#8221;2_5&#8243; _builder_version=&#8221;4.27.4&#8243; _module_preset=&#8221;default&#8221; global_colors_info=&#8221;{}&#8221;][et_pb_button button_url=&#8221;https:\/\/pureplay.eu\/index.php\/session\/&#8221; button_text=&#8221;Book an in-house session.&#8221; button_alignment=&#8221;left&#8221; _builder_version=&#8221;4.27.4&#8243; _module_preset=&#8221;default&#8221; custom_button=&#8221;on&#8221; button_text_size=&#8221;20px&#8221; button_text_color=&#8221;#FFFFFF&#8221; button_bg_color=&#8221;#00529C&#8221; button_border_color=&#8221;#FFFFFF&#8221; button_border_radius=&#8221;9px&#8221; button_letter_spacing=&#8221;1px&#8221; button_font=&#8221;|700|||||||&#8221; button_use_icon=&#8221;off&#8221; box_shadow_style=&#8221;preset1&#8243; global_colors_info=&#8221;{}&#8221;][\/et_pb_button][\/et_pb_column][\/et_pb_row][\/et_pb_section]<\/p>\n","protected":false},"excerpt":{"rendered":"<p>Pure Play is a recognised strategic partner in media operations. We help global brands run digital media in-house operations \u2014 with full control, lean expert teams, and measurable financial outcomes.Our Value Proposition 1. Up to 40% lower media costs with faster, more effective execution. 2. Result-oriented teams instead of the outdated agency model. 3. Media [&hellip;]<\/p>\n","protected":false},"author":1,"featured_media":0,"parent":0,"menu_order":0,"comment_status":"closed","ping_status":"closed","template":"","meta":{"_et_pb_use_builder":"on","_et_pb_old_content":"","_et_gb_content_width":"","footnotes":""},"class_list":["post-1485","page","type-page","status-publish","hentry"],"_links":{"self":[{"href":"https:\/\/pureplay.eu\/index.php\/wp-json\/wp\/v2\/pages\/1485","targetHints":{"allow":["GET"]}}],"collection":[{"href":"https:\/\/pureplay.eu\/index.php\/wp-json\/wp\/v2\/pages"}],"about":[{"href":"https:\/\/pureplay.eu\/index.php\/wp-json\/wp\/v2\/types\/page"}],"author":[{"embeddable":true,"href":"https:\/\/pureplay.eu\/index.php\/wp-json\/wp\/v2\/users\/1"}],"replies":[{"embeddable":true,"href":"https:\/\/pureplay.eu\/index.php\/wp-json\/wp\/v2\/comments?post=1485"}],"version-history":[{"count":28,"href":"https:\/\/pureplay.eu\/index.php\/wp-json\/wp\/v2\/pages\/1485\/revisions"}],"predecessor-version":[{"id":1643,"href":"https:\/\/pureplay.eu\/index.php\/wp-json\/wp\/v2\/pages\/1485\/revisions\/1643"}],"wp:attachment":[{"href":"https:\/\/pureplay.eu\/index.php\/wp-json\/wp\/v2\/media?parent=1485"}],"curies":[{"name":"wp","href":"https:\/\/api.w.org\/{rel}","templated":true}]}}